{"id":2246,"date":"2025-01-30T16:30:54","date_gmt":"2025-01-30T21:30:54","guid":{"rendered":"https:\/\/chocolatinfini.com\/?post_type=product&#038;p=2246"},"modified":"2026-02-26T17:12:43","modified_gmt":"2026-02-26T22:12:43","slug":"chanthaburi","status":"publish","type":"product","link":"https:\/\/chocolatinfini.com\/fr\/shop\/chocolate-bar\/origin\/chanthaburi\/","title":{"rendered":"75 % Chanthaburi"},"content":{"rendered":"<p>Un chocolat aux saveurs de baies s\u00e9ch\u00e9es, pour une exp\u00e9rience gustative fruit\u00e9e et l\u00e9g\u00e8rement acidul\u00e9e. Le cacao de Chanthaburi, en Tha\u00eflande, r\u00e9v\u00e8le des notes de cerises s\u00e9ch\u00e9es, de canneberges et de raisins secs, offrant une tablette au profil aromatique complexe et \u00e9quilibr\u00e9. Une gourmandise qui ravira les amateurs de fruits.<\/p>","protected":false},"excerpt":{"rendered":"<p>Un chocolat aux saveurs de baies s\u00e9ch\u00e9es, pour une exp\u00e9rience gustative fruit\u00e9e et l\u00e9g\u00e8rement acidul\u00e9e. Le cacao de Chanthaburi, en Tha\u00eflande, r\u00e9v\u00e8le des notes de cerises s\u00e9ch\u00e9es, de canneberges et de raisins secs, offrant une tablette au profil aromatique complexe et \u00e9quilibr\u00e9. Une gourmandise qui ravira les amateurs de fruits.<\/p>","protected":false},"featured_media":2247,"template":"","meta":{"_uag_custom_page_level_css":"","site-sidebar-layout":"default","site-content-layout":"","ast-site-content-layout":"default","site-content-style":"default","site-sidebar-style":"default","ast-global-header-display":"","ast-banner-title-visibility":"","ast-main-header-display":"","ast-hfb-above-header-display":"","ast-hfb-below-header-display":"","ast-hfb-mobile-header-display":"","site-post-title":"","ast-breadcrumbs-content":"","ast-featured-img":"","footer-sml-layout":"","ast-disable-related-posts":"","theme-transparent-header-meta":"default","adv-header-id-meta":"","stick-header-meta":"","header-above-stick-meta":"","header-main-stick-meta":"","header-below-stick-meta":"","astra-migrate-meta-layouts":"set","ast-page-background-enabled":"default","ast-page-background-meta":{"desktop":{"background-color":"var(--ast-global-color-4)","background-image":"","background-repeat":"repeat","background-position":"center center","background-size":"auto","background-attachment":"scroll","background-type":"","background-media":"","overlay-type":"","overlay-color":"","overlay-opacity":"","overlay-gradient":""},"tablet":{"background-color":"","background-image":"","background-repeat":"repeat","background-position":"center center","background-size":"auto","background-attachment":"scroll","background-type":"","background-media":"","overlay-type":"","overlay-color":"","overlay-opacity":"","overlay-gradient":""},"mobile":{"background-color":"","background-image":"","background-repeat":"repeat","background-position":"center center","background-size":"auto","background-attachment":"scroll","background-type":"","background-media":"","overlay-type":"","overlay-color":"","overlay-opacity":"","overlay-gradient":""}},"ast-content-background-meta":{"desktop":{"background-color":"var(--ast-global-color-5)","background-image":"","background-repeat":"repeat","background-position":"center center","background-size":"auto","background-attachment":"scroll","background-type":"","background-media":"","overlay-type":"","overlay-color":"","overlay-opacity":"","overlay-gradient":""},"tablet":{"background-color":"var(--ast-global-color-5)","background-image":"","background-repeat":"repeat","background-position":"center center","background-size":"auto","background-attachment":"scroll","background-type":"","background-media":"","overlay-type":"","overlay-color":"","overlay-opacity":"","overlay-gradient":""},"mobile":{"background-color":"var(--ast-global-color-5)","background-image":"","background-repeat":"repeat","background-position":"center center","background-size":"auto","background-attachment":"scroll","background-type":"","background-media":"","overlay-type":"","overlay-color":"","overlay-opacity":"","overlay-gradient":""}}},"product_brand":[],"product_cat":[76],"product_tag":[70,88,83],"class_list":{"0":"post-2246","1":"product","2":"type-product","3":"status-publish","4":"has-post-thumbnail","6":"product_cat-origin","7":"product_tag-70","8":"product_tag-pure-chocolate","9":"product_tag-single-origin","10":"_wholesalex wsx-wholesalex-product","11":"desktop-align-center","12":"tablet-align-left","13":"mobile-align-left","15":"first","16":"onbackorder","17":"taxable","18":"shipping-taxable","19":"purchasable","20":"product-type-simple"},"yoast_head":"<!-- This site is optimized with the Yoast SEO plugin v27.3 - https:\/\/yoast.com\/product\/yoast-seo-wordpress\/ -->\n<title>75 % Chanthaburi - Chocolat Infini<\/title>\n<meta name=\"description\" content=\"A bar incorporating the creamy signature of Chocolat Infini and a tangy hint of dried fruit, made with fair trade cocoa from human-scale plantations.\" \/>\n<meta name=\"robots\" content=\"index, follow, max-snippet:-1, max-image-preview:large, max-video-preview:-1\" \/>\n<link rel=\"canonical\" href=\"https:\/\/chocolatinfini.com\/fr\/shop\/chocolate-bar\/origin\/chanthaburi\/\" \/>\n<meta property=\"og:locale\" content=\"fr_CA\" \/>\n<meta property=\"og:type\" content=\"article\" \/>\n<meta property=\"og:title\" content=\"75 % Chanthaburi - Chocolat Infini\" \/>\n<meta property=\"og:description\" content=\"A bar incorporating the creamy signature of Chocolat Infini and a tangy hint of dried fruit, made with fair trade cocoa from human-scale plantations.\" \/>\n<meta property=\"og:url\" content=\"https:\/\/chocolatinfini.com\/fr\/shop\/chocolate-bar\/origin\/chanthaburi\/\" \/>\n<meta property=\"og:site_name\" content=\"Chocolat Infini\" \/>\n<meta property=\"article:publisher\" content=\"https:\/\/www.facebook.com\/chocolatinfini\" \/>\n<meta property=\"article:modified_time\" content=\"2026-02-26T22:12:43+00:00\" \/>\n<meta property=\"og:image\" content=\"https:\/\/chocolatinfini.com\/wp-content\/uploads\/2025\/01\/75_chanthaburi.webp\" \/>\n\t<meta property=\"og:image:width\" content=\"3500\" \/>\n\t<meta property=\"og:image:height\" content=\"3500\" \/>\n\t<meta property=\"og:image:type\" content=\"image\/jpeg\" \/>\n<meta name=\"twitter:card\" content=\"summary_large_image\" \/>\n<meta name=\"twitter:label1\" content=\"Estimation du temps de lecture\" \/>\n\t<meta name=\"twitter:data1\" content=\"1 minute\" \/>\n<script type=\"application\/ld+json\" class=\"yoast-schema-graph\">{\"@context\":\"https:\\\/\\\/schema.org\",\"@graph\":[{\"@type\":\"WebPage\",\"@id\":\"https:\\\/\\\/chocolatinfini.com\\\/shop\\\/chocolate-bar\\\/origin\\\/chanthaburi\\\/\",\"url\":\"https:\\\/\\\/chocolatinfini.com\\\/shop\\\/chocolate-bar\\\/origin\\\/chanthaburi\\\/\",\"name\":\"75 % Chanthaburi - Chocolat Infini\",\"isPartOf\":{\"@id\":\"https:\\\/\\\/chocolatinfini.com\\\/#website\"},\"primaryImageOfPage\":{\"@id\":\"https:\\\/\\\/chocolatinfini.com\\\/shop\\\/chocolate-bar\\\/origin\\\/chanthaburi\\\/#primaryimage\"},\"image\":{\"@id\":\"https:\\\/\\\/chocolatinfini.com\\\/shop\\\/chocolate-bar\\\/origin\\\/chanthaburi\\\/#primaryimage\"},\"thumbnailUrl\":\"https:\\\/\\\/chocolatinfini.com\\\/wp-content\\\/uploads\\\/2025\\\/01\\\/75_chanthaburi.webp\",\"datePublished\":\"2025-01-30T21:30:54+00:00\",\"dateModified\":\"2026-02-26T22:12:43+00:00\",\"description\":\"A bar incorporating the creamy signature of Chocolat Infini and a tangy hint of dried fruit, made with fair trade cocoa from human-scale plantations.\",\"breadcrumb\":{\"@id\":\"https:\\\/\\\/chocolatinfini.com\\\/shop\\\/chocolate-bar\\\/origin\\\/chanthaburi\\\/#breadcrumb\"},\"inLanguage\":\"fr-CA\",\"potentialAction\":[{\"@type\":\"ReadAction\",\"target\":[\"https:\\\/\\\/chocolatinfini.com\\\/shop\\\/chocolate-bar\\\/origin\\\/chanthaburi\\\/\"]}]},{\"@type\":\"ImageObject\",\"inLanguage\":\"fr-CA\",\"@id\":\"https:\\\/\\\/chocolatinfini.com\\\/shop\\\/chocolate-bar\\\/origin\\\/chanthaburi\\\/#primaryimage\",\"url\":\"https:\\\/\\\/chocolatinfini.com\\\/wp-content\\\/uploads\\\/2025\\\/01\\\/75_chanthaburi.webp\",\"contentUrl\":\"https:\\\/\\\/chocolatinfini.com\\\/wp-content\\\/uploads\\\/2025\\\/01\\\/75_chanthaburi.webp\",\"width\":3500,\"height\":3500},{\"@type\":\"BreadcrumbList\",\"@id\":\"https:\\\/\\\/chocolatinfini.com\\\/shop\\\/chocolate-bar\\\/origin\\\/chanthaburi\\\/#breadcrumb\",\"itemListElement\":[{\"@type\":\"ListItem\",\"position\":1,\"name\":\"Home\",\"item\":\"https:\\\/\\\/chocolatinfini.com\\\/\"},{\"@type\":\"ListItem\",\"position\":2,\"name\":\"Products\",\"item\":\"https:\\\/\\\/chocolatinfini.com\\\/products__trashed-2\\\/\"},{\"@type\":\"ListItem\",\"position\":3,\"name\":\"75 % Chanthaburi\"}]},{\"@type\":\"WebSite\",\"@id\":\"https:\\\/\\\/chocolatinfini.com\\\/#website\",\"url\":\"https:\\\/\\\/chocolatinfini.com\\\/\",\"name\":\"Chocolat Infini\",\"description\":\"Bean-to-bar chocolate maker in Magog, Quebec.\",\"publisher\":{\"@id\":\"https:\\\/\\\/chocolatinfini.com\\\/#organization\"},\"potentialAction\":[{\"@type\":\"SearchAction\",\"target\":{\"@type\":\"EntryPoint\",\"urlTemplate\":\"https:\\\/\\\/chocolatinfini.com\\\/?s={search_term_string}\"},\"query-input\":{\"@type\":\"PropertyValueSpecification\",\"valueRequired\":true,\"valueName\":\"search_term_string\"}}],\"inLanguage\":\"fr-CA\"},{\"@type\":\"Organization\",\"@id\":\"https:\\\/\\\/chocolatinfini.com\\\/#organization\",\"name\":\"Chocolat Infini\",\"url\":\"https:\\\/\\\/chocolatinfini.com\\\/\",\"logo\":{\"@type\":\"ImageObject\",\"inLanguage\":\"fr-CA\",\"@id\":\"https:\\\/\\\/chocolatinfini.com\\\/#\\\/schema\\\/logo\\\/image\\\/\",\"url\":\"http:\\\/\\\/chocolatinfini.com\\\/wp-content\\\/uploads\\\/2024\\\/06\\\/logo_square_1024.png\",\"contentUrl\":\"http:\\\/\\\/chocolatinfini.com\\\/wp-content\\\/uploads\\\/2024\\\/06\\\/logo_square_1024.png\",\"width\":1024,\"height\":1024,\"caption\":\"Chocolat Infini\"},\"image\":{\"@id\":\"https:\\\/\\\/chocolatinfini.com\\\/#\\\/schema\\\/logo\\\/image\\\/\"},\"sameAs\":[\"https:\\\/\\\/www.facebook.com\\\/chocolatinfini\",\"https:\\\/\\\/www.instagram.com\\\/chocolatinfini\\\/\"]}]}<\/script>\n<!-- \/ Yoast SEO plugin. -->","yoast_head_json":{"title":"75 % Chanthaburi - Chocolat Infini","description":"Une tablette incorporant la signature cr\u00e9meuse de Chocolat Infini et une pointe acidul\u00e9e de fruits s\u00e9ch\u00e9s, faite avec du cacao \u00e9quitable provenant de plantations \u00e0 \u00e9chelle humaine.","robots":{"index":"index","follow":"follow","max-snippet":"max-snippet:-1","max-image-preview":"max-image-preview:large","max-video-preview":"max-video-preview:-1"},"canonical":"https:\/\/chocolatinfini.com\/fr\/shop\/chocolate-bar\/origin\/chanthaburi\/","og_locale":"fr_CA","og_type":"article","og_title":"75 % Chanthaburi - Chocolat Infini","og_description":"A bar incorporating the creamy signature of Chocolat Infini and a tangy hint of dried fruit, made with fair trade cocoa from human-scale plantations.","og_url":"https:\/\/chocolatinfini.com\/fr\/shop\/chocolate-bar\/origin\/chanthaburi\/","og_site_name":"Chocolat Infini","article_publisher":"https:\/\/www.facebook.com\/chocolatinfini","article_modified_time":"2026-02-26T22:12:43+00:00","og_image":[{"width":3500,"height":3500,"url":"https:\/\/chocolatinfini.com\/wp-content\/uploads\/2025\/01\/75_chanthaburi.webp","type":"image\/jpeg"}],"twitter_card":"summary_large_image","twitter_misc":{"Estimation du temps de lecture":"1 minute"},"schema":{"@context":"https:\/\/schema.org","@graph":[{"@type":"WebPage","@id":"https:\/\/chocolatinfini.com\/shop\/chocolate-bar\/origin\/chanthaburi\/","url":"https:\/\/chocolatinfini.com\/shop\/chocolate-bar\/origin\/chanthaburi\/","name":"75 % Chanthaburi - Chocolat Infini","isPartOf":{"@id":"https:\/\/chocolatinfini.com\/#website"},"primaryImageOfPage":{"@id":"https:\/\/chocolatinfini.com\/shop\/chocolate-bar\/origin\/chanthaburi\/#primaryimage"},"image":{"@id":"https:\/\/chocolatinfini.com\/shop\/chocolate-bar\/origin\/chanthaburi\/#primaryimage"},"thumbnailUrl":"https:\/\/chocolatinfini.com\/wp-content\/uploads\/2025\/01\/75_chanthaburi.webp","datePublished":"2025-01-30T21:30:54+00:00","dateModified":"2026-02-26T22:12:43+00:00","description":"Une tablette incorporant la signature cr\u00e9meuse de Chocolat Infini et une pointe acidul\u00e9e de fruits s\u00e9ch\u00e9s, faite avec du cacao \u00e9quitable provenant de plantations \u00e0 \u00e9chelle humaine.","breadcrumb":{"@id":"https:\/\/chocolatinfini.com\/shop\/chocolate-bar\/origin\/chanthaburi\/#breadcrumb"},"inLanguage":"fr-CA","potentialAction":[{"@type":"ReadAction","target":["https:\/\/chocolatinfini.com\/shop\/chocolate-bar\/origin\/chanthaburi\/"]}]},{"@type":"ImageObject","inLanguage":"fr-CA","@id":"https:\/\/chocolatinfini.com\/shop\/chocolate-bar\/origin\/chanthaburi\/#primaryimage","url":"https:\/\/chocolatinfini.com\/wp-content\/uploads\/2025\/01\/75_chanthaburi.webp","contentUrl":"https:\/\/chocolatinfini.com\/wp-content\/uploads\/2025\/01\/75_chanthaburi.webp","width":3500,"height":3500},{"@type":"BreadcrumbList","@id":"https:\/\/chocolatinfini.com\/shop\/chocolate-bar\/origin\/chanthaburi\/#breadcrumb","itemListElement":[{"@type":"ListItem","position":1,"name":"Home","item":"https:\/\/chocolatinfini.com\/"},{"@type":"ListItem","position":2,"name":"Products","item":"https:\/\/chocolatinfini.com\/products__trashed-2\/"},{"@type":"ListItem","position":3,"name":"75 % Chanthaburi"}]},{"@type":"WebSite","@id":"https:\/\/chocolatinfini.com\/#website","url":"https:\/\/chocolatinfini.com\/","name":"Chocolat Infini","description":"Fabricant de chocolat de la f\u00e8ve \u00e0 la barre \u00e0 Magog, Qu\u00e9bec.","publisher":{"@id":"https:\/\/chocolatinfini.com\/#organization"},"potentialAction":[{"@type":"SearchAction","target":{"@type":"EntryPoint","urlTemplate":"https:\/\/chocolatinfini.com\/?s={search_term_string}"},"query-input":{"@type":"PropertyValueSpecification","valueRequired":true,"valueName":"search_term_string"}}],"inLanguage":"fr-CA"},{"@type":"Organization","@id":"https:\/\/chocolatinfini.com\/#organization","name":"Chocolat Infini","url":"https:\/\/chocolatinfini.com\/","logo":{"@type":"ImageObject","inLanguage":"fr-CA","@id":"https:\/\/chocolatinfini.com\/#\/schema\/logo\/image\/","url":"http:\/\/chocolatinfini.com\/wp-content\/uploads\/2024\/06\/logo_square_1024.png","contentUrl":"http:\/\/chocolatinfini.com\/wp-content\/uploads\/2024\/06\/logo_square_1024.png","width":1024,"height":1024,"caption":"Chocolat Infini"},"image":{"@id":"https:\/\/chocolatinfini.com\/#\/schema\/logo\/image\/"},"sameAs":["https:\/\/www.facebook.com\/chocolatinfini","https:\/\/www.instagram.com\/chocolatinfini\/"]}]}},"uagb_featured_image_src":{"full":["https:\/\/chocolatinfini.com\/wp-content\/uploads\/2025\/01\/75_chanthaburi.webp",3500,3500,false],"thumbnail":["https:\/\/chocolatinfini.com\/wp-content\/uploads\/2025\/01\/75_chanthaburi-150x150.jpg",150,150,true],"medium":["https:\/\/chocolatinfini.com\/wp-content\/uploads\/2025\/01\/75_chanthaburi-300x300.jpg",300,300,true],"medium_large":["https:\/\/chocolatinfini.com\/wp-content\/uploads\/2025\/01\/75_chanthaburi-768x768.webp",768,768,true],"large":["https:\/\/chocolatinfini.com\/wp-content\/uploads\/2025\/01\/75_chanthaburi-1080x1080.jpg",1080,1080,true],"1536x1536":["https:\/\/chocolatinfini.com\/wp-content\/uploads\/2025\/01\/75_chanthaburi-1536x1536.jpg",1536,1536,true],"2048x2048":["https:\/\/chocolatinfini.com\/wp-content\/uploads\/2025\/01\/75_chanthaburi-2048x2048.webp",2048,2048,true],"trp-custom-language-flag":["https:\/\/chocolatinfini.com\/wp-content\/uploads\/2025\/01\/75_chanthaburi-12x12.webp",12,12,true],"rta_thumb_center_center_350x350":["https:\/\/chocolatinfini.com\/wp-content\/uploads\/2025\/01\/75_chanthaburi-350x350.jpg",350,350,true],"woocommerce_thumbnail":["https:\/\/chocolatinfini.com\/wp-content\/uploads\/2025\/01\/75_chanthaburi-600x600.jpg",600,600,true],"woocommerce_single":["https:\/\/chocolatinfini.com\/wp-content\/uploads\/2025\/01\/75_chanthaburi-1536x1536.webp",1536,1536,true],"woocommerce_gallery_thumbnail":["https:\/\/chocolatinfini.com\/wp-content\/uploads\/2025\/01\/75_chanthaburi-100x100.webp",100,100,true]},"uagb_author_info":{"display_name":"Marc-Antoine","author_link":"https:\/a8850b9d88a87976\/a8850b9d88a87976chocolatinfini.com\/a8850b9d88a87976fr\/a8850b9d88a87976author\/a8850b9d88a87976"},"uagb_comment_info":0,"uagb_excerpt":"A chocolate infused with dried berry flavors for a fruit-forward and slightly tangy experience. Cacao from Chanthaburi, Thailand, reveals notes of dried cherries, cranberries, and raisins, creating a complex and balanced flavor profile. A delight for fruit lovers.","_links":{"self":[{"href":"https:\/\/chocolatinfini.com\/fr\/wp-json\/wp\/v2\/product\/2246","targetHints":{"allow":["GET"]}}],"collection":[{"href":"https:\/\/chocolatinfini.com\/fr\/wp-json\/wp\/v2\/product"}],"about":[{"href":"https:\/\/chocolatinfini.com\/fr\/wp-json\/wp\/v2\/types\/product"}],"wp:featuredmedia":[{"embeddable":true,"href":"https:\/\/chocolatinfini.com\/fr\/wp-json\/wp\/v2\/media\/2247"}],"wp:attachment":[{"href":"https:\/\/chocolatinfini.com\/fr\/wp-json\/wp\/v2\/media?parent=2246"}],"wp:term":[{"taxonomy":"product_brand","embeddable":true,"href":"https:\/\/chocolatinfini.com\/fr\/wp-json\/wp\/v2\/product_brand?post=2246"},{"taxonomy":"product_cat","embeddable":true,"href":"https:\/\/chocolatinfini.com\/fr\/wp-json\/wp\/v2\/product_cat?post=2246"},{"taxonomy":"product_tag","embeddable":true,"href":"https:\/\/chocolatinfini.com\/fr\/wp-json\/wp\/v2\/product_tag?post=2246"}],"curies":[{"name":"wp","href":"https:\/\/api.w.org\/{rel}","templated":true}]}}