{"id":1971,"date":"2024-11-06T22:33:57","date_gmt":"2024-11-07T03:33:57","guid":{"rendered":"https:\/\/chocolatinfini.com\/?post_type=product&#038;p=1971"},"modified":"2026-04-10T20:50:44","modified_gmt":"2026-04-11T00:50:44","slug":"90-fleur-de-sel","status":"publish","type":"product","link":"https:\/\/chocolatinfini.com\/fr\/shop\/chocolate-bar\/flavoured\/90-fleur-de-sel\/","title":{"rendered":"90 % Fleur de sel"},"content":{"rendered":"<div id=\"tab-description\" class=\"woocommerce-Tabs-panel woocommerce-Tabs-panel--description panel entry-content wc-tab\" role=\"tabpanel\">\n<p>Sucr\u00e9, sal\u00e9, sublime. De fins cristaux de fleur de sel gris viennent ponctuer cette tablette d\u2019un \u00e9clat de caract\u00e8re, rehaussant \u00e0 merveille la richesse du fudge, les \u00e9pices douces et les notes fruit\u00e9es des cacaos de Kablon (Philippines), PISA (Ha\u00efti) et Maya Mountain (B\u00e9lize). Une gourmandise \u00e0 la fois cr\u00e9meuse, subtilement relev\u00e9e et incroyablement satisfaisante.<\/p>\n<\/div>","protected":false},"excerpt":{"rendered":"<p>Sucr\u00e9, sal\u00e9, sublime. De fins cristaux de fleur de sel gris viennent ponctuer cette tablette d\u2019un \u00e9clat de caract\u00e8re, rehaussant \u00e0 merveille la richesse du fudge, les \u00e9pices douces et les notes fruit\u00e9es des cacaos de Kablon (Philippines), PISA (Ha\u00efti) et Maya Mountain (B\u00e9lize). Une gourmandise \u00e0 la fois cr\u00e9meuse, subtilement relev\u00e9e et incroyablement satisfaisante.<\/p>","protected":false},"featured_media":1972,"template":"","meta":{"_uag_custom_page_level_css":"","site-sidebar-layout":"default","site-content-layout":"","ast-site-content-layout":"default","site-content-style":"default","site-sidebar-style":"default","ast-global-header-display":"","ast-banner-title-visibility":"","ast-main-header-display":"","ast-hfb-above-header-display":"","ast-hfb-below-header-display":"","ast-hfb-mobile-header-display":"","site-post-title":"","ast-breadcrumbs-content":"","ast-featured-img":"","footer-sml-layout":"","ast-disable-related-posts":"","theme-transparent-header-meta":"default","adv-header-id-meta":"","stick-header-meta":"","header-above-stick-meta":"","header-main-stick-meta":"","header-below-stick-meta":"","astra-migrate-meta-layouts":"set","ast-page-background-enabled":"default","ast-page-background-meta":{"desktop":{"background-color":"var(--ast-global-color-4)","background-image":"","background-repeat":"repeat","background-position":"center center","background-size":"auto","background-attachment":"scroll","background-type":"","background-media":"","overlay-type":"","overlay-color":"","overlay-opacity":"","overlay-gradient":""},"tablet":{"background-color":"","background-image":"","background-repeat":"repeat","background-position":"center center","background-size":"auto","background-attachment":"scroll","background-type":"","background-media":"","overlay-type":"","overlay-color":"","overlay-opacity":"","overlay-gradient":""},"mobile":{"background-color":"","background-image":"","background-repeat":"repeat","background-position":"center center","background-size":"auto","background-attachment":"scroll","background-type":"","background-media":"","overlay-type":"","overlay-color":"","overlay-opacity":"","overlay-gradient":""}},"ast-content-background-meta":{"desktop":{"background-color":"var(--ast-global-color-5)","background-image":"","background-repeat":"repeat","background-position":"center center","background-size":"auto","background-attachment":"scroll","background-type":"","background-media":"","overlay-type":"","overlay-color":"","overlay-opacity":"","overlay-gradient":""},"tablet":{"background-color":"var(--ast-global-color-5)","background-image":"","background-repeat":"repeat","background-position":"center center","background-size":"auto","background-attachment":"scroll","background-type":"","background-media":"","overlay-type":"","overlay-color":"","overlay-opacity":"","overlay-gradient":""},"mobile":{"background-color":"var(--ast-global-color-5)","background-image":"","background-repeat":"repeat","background-position":"center center","background-size":"auto","background-attachment":"scroll","background-type":"","background-media":"","overlay-type":"","overlay-color":"","overlay-opacity":"","overlay-gradient":""}}},"product_brand":[],"product_cat":[77],"product_tag":[61,90,96],"class_list":{"0":"post-1971","1":"product","2":"type-product","3":"status-publish","4":"has-post-thumbnail","6":"product_cat-flavoured","7":"product_tag-61","8":"product_tag-fleur-de-sel","9":"product_tag-inclusions","10":"_wholesalex wsx-wholesalex-product","11":"desktop-align-center","12":"tablet-align-left","13":"mobile-align-left","15":"first","16":"instock","17":"taxable","18":"shipping-taxable","19":"purchasable","20":"product-type-simple"},"yoast_head":"<!-- This site is optimized with the Yoast SEO plugin v27.3 - https:\/\/yoast.com\/product\/yoast-seo-wordpress\/ -->\n<title>90 % Fleur de sel - Chocolat Infini<\/title>\n<meta name=\"robots\" content=\"index, follow, max-snippet:-1, max-image-preview:large, max-video-preview:-1\" \/>\n<link rel=\"canonical\" href=\"https:\/\/chocolatinfini.com\/fr\/shop\/chocolate-bar\/flavoured\/90-fleur-de-sel\/\" \/>\n<meta property=\"og:locale\" content=\"fr_CA\" \/>\n<meta property=\"og:type\" content=\"article\" \/>\n<meta property=\"og:title\" content=\"90 % Fleur de sel - Chocolat Infini\" \/>\n<meta property=\"og:description\" content=\"Sweet, salty, sublime. Delicate flakes of grey sea salt bring bursts of character to this bar, perfectly enhancing the richness of fudge, warm spices, and fruity notes from Kablon (Philippines), PISA (Haiti), and Maya Mountain (Belize). A creamy indulgence that\u2019s subtly bold and deeply satisfying.\" \/>\n<meta property=\"og:url\" content=\"https:\/\/chocolatinfini.com\/fr\/shop\/chocolate-bar\/flavoured\/90-fleur-de-sel\/\" \/>\n<meta property=\"og:site_name\" content=\"Chocolat Infini\" \/>\n<meta property=\"article:publisher\" content=\"https:\/\/www.facebook.com\/chocolatinfini\" \/>\n<meta property=\"article:modified_time\" content=\"2026-04-11T00:50:44+00:00\" \/>\n<meta property=\"og:image\" content=\"https:\/\/chocolatinfini.com\/wp-content\/uploads\/2024\/11\/90_sel.webp\" \/>\n\t<meta property=\"og:image:width\" content=\"3500\" \/>\n\t<meta property=\"og:image:height\" content=\"3500\" \/>\n\t<meta property=\"og:image:type\" content=\"image\/jpeg\" \/>\n<meta name=\"twitter:card\" content=\"summary_large_image\" \/>\n<meta name=\"twitter:label1\" content=\"Estimation du temps de lecture\" \/>\n\t<meta name=\"twitter:data1\" content=\"1 minute\" \/>\n<script type=\"application\/ld+json\" class=\"yoast-schema-graph\">{\"@context\":\"https:\\\/\\\/schema.org\",\"@graph\":[{\"@type\":\"WebPage\",\"@id\":\"https:\\\/\\\/chocolatinfini.com\\\/shop\\\/chocolate-bar\\\/flavoured\\\/90-fleur-de-sel\\\/\",\"url\":\"https:\\\/\\\/chocolatinfini.com\\\/shop\\\/chocolate-bar\\\/flavoured\\\/90-fleur-de-sel\\\/\",\"name\":\"90 % Fleur de sel - Chocolat Infini\",\"isPartOf\":{\"@id\":\"https:\\\/\\\/chocolatinfini.com\\\/#website\"},\"primaryImageOfPage\":{\"@id\":\"https:\\\/\\\/chocolatinfini.com\\\/shop\\\/chocolate-bar\\\/flavoured\\\/90-fleur-de-sel\\\/#primaryimage\"},\"image\":{\"@id\":\"https:\\\/\\\/chocolatinfini.com\\\/shop\\\/chocolate-bar\\\/flavoured\\\/90-fleur-de-sel\\\/#primaryimage\"},\"thumbnailUrl\":\"https:\\\/\\\/chocolatinfini.com\\\/wp-content\\\/uploads\\\/2024\\\/11\\\/90_sel.webp\",\"datePublished\":\"2024-11-07T03:33:57+00:00\",\"dateModified\":\"2026-04-11T00:50:44+00:00\",\"breadcrumb\":{\"@id\":\"https:\\\/\\\/chocolatinfini.com\\\/shop\\\/chocolate-bar\\\/flavoured\\\/90-fleur-de-sel\\\/#breadcrumb\"},\"inLanguage\":\"fr-CA\",\"potentialAction\":[{\"@type\":\"ReadAction\",\"target\":[\"https:\\\/\\\/chocolatinfini.com\\\/shop\\\/chocolate-bar\\\/flavoured\\\/90-fleur-de-sel\\\/\"]}]},{\"@type\":\"ImageObject\",\"inLanguage\":\"fr-CA\",\"@id\":\"https:\\\/\\\/chocolatinfini.com\\\/shop\\\/chocolate-bar\\\/flavoured\\\/90-fleur-de-sel\\\/#primaryimage\",\"url\":\"https:\\\/\\\/chocolatinfini.com\\\/wp-content\\\/uploads\\\/2024\\\/11\\\/90_sel.webp\",\"contentUrl\":\"https:\\\/\\\/chocolatinfini.com\\\/wp-content\\\/uploads\\\/2024\\\/11\\\/90_sel.webp\",\"width\":3500,\"height\":3500,\"caption\":\"Created with GIMP\"},{\"@type\":\"BreadcrumbList\",\"@id\":\"https:\\\/\\\/chocolatinfini.com\\\/shop\\\/chocolate-bar\\\/flavoured\\\/90-fleur-de-sel\\\/#breadcrumb\",\"itemListElement\":[{\"@type\":\"ListItem\",\"position\":1,\"name\":\"Home\",\"item\":\"https:\\\/\\\/chocolatinfini.com\\\/\"},{\"@type\":\"ListItem\",\"position\":2,\"name\":\"Products\",\"item\":\"https:\\\/\\\/chocolatinfini.com\\\/products__trashed-2\\\/\"},{\"@type\":\"ListItem\",\"position\":3,\"name\":\"90 % Fleur de sel\"}]},{\"@type\":\"WebSite\",\"@id\":\"https:\\\/\\\/chocolatinfini.com\\\/#website\",\"url\":\"https:\\\/\\\/chocolatinfini.com\\\/\",\"name\":\"Chocolat Infini\",\"description\":\"Bean-to-bar chocolate maker in Magog, Quebec.\",\"publisher\":{\"@id\":\"https:\\\/\\\/chocolatinfini.com\\\/#organization\"},\"potentialAction\":[{\"@type\":\"SearchAction\",\"target\":{\"@type\":\"EntryPoint\",\"urlTemplate\":\"https:\\\/\\\/chocolatinfini.com\\\/?s={search_term_string}\"},\"query-input\":{\"@type\":\"PropertyValueSpecification\",\"valueRequired\":true,\"valueName\":\"search_term_string\"}}],\"inLanguage\":\"fr-CA\"},{\"@type\":\"Organization\",\"@id\":\"https:\\\/\\\/chocolatinfini.com\\\/#organization\",\"name\":\"Chocolat Infini\",\"url\":\"https:\\\/\\\/chocolatinfini.com\\\/\",\"logo\":{\"@type\":\"ImageObject\",\"inLanguage\":\"fr-CA\",\"@id\":\"https:\\\/\\\/chocolatinfini.com\\\/#\\\/schema\\\/logo\\\/image\\\/\",\"url\":\"http:\\\/\\\/chocolatinfini.com\\\/wp-content\\\/uploads\\\/2024\\\/06\\\/logo_square_1024.png\",\"contentUrl\":\"http:\\\/\\\/chocolatinfini.com\\\/wp-content\\\/uploads\\\/2024\\\/06\\\/logo_square_1024.png\",\"width\":1024,\"height\":1024,\"caption\":\"Chocolat Infini\"},\"image\":{\"@id\":\"https:\\\/\\\/chocolatinfini.com\\\/#\\\/schema\\\/logo\\\/image\\\/\"},\"sameAs\":[\"https:\\\/\\\/www.facebook.com\\\/chocolatinfini\",\"https:\\\/\\\/www.instagram.com\\\/chocolatinfini\\\/\"]}]}<\/script>\n<!-- \/ Yoast SEO plugin. -->","yoast_head_json":{"title":"90 % Fleur de sel - Chocolat Infini","robots":{"index":"index","follow":"follow","max-snippet":"max-snippet:-1","max-image-preview":"max-image-preview:large","max-video-preview":"max-video-preview:-1"},"canonical":"https:\/\/chocolatinfini.com\/fr\/shop\/chocolate-bar\/flavoured\/90-fleur-de-sel\/","og_locale":"fr_CA","og_type":"article","og_title":"90 % Fleur de sel - Chocolat Infini","og_description":"Sweet, salty, sublime. Delicate flakes of grey sea salt bring bursts of character to this bar, perfectly enhancing the richness of fudge, warm spices, and fruity notes from Kablon (Philippines), PISA (Haiti), and Maya Mountain (Belize). A creamy indulgence that\u2019s subtly bold and deeply satisfying.","og_url":"https:\/\/chocolatinfini.com\/fr\/shop\/chocolate-bar\/flavoured\/90-fleur-de-sel\/","og_site_name":"Chocolat Infini","article_publisher":"https:\/\/www.facebook.com\/chocolatinfini","article_modified_time":"2026-04-11T00:50:44+00:00","og_image":[{"width":3500,"height":3500,"url":"https:\/\/chocolatinfini.com\/wp-content\/uploads\/2024\/11\/90_sel.webp","type":"image\/jpeg"}],"twitter_card":"summary_large_image","twitter_misc":{"Estimation du temps de lecture":"1 minute"},"schema":{"@context":"https:\/\/schema.org","@graph":[{"@type":"WebPage","@id":"https:\/\/chocolatinfini.com\/shop\/chocolate-bar\/flavoured\/90-fleur-de-sel\/","url":"https:\/\/chocolatinfini.com\/shop\/chocolate-bar\/flavoured\/90-fleur-de-sel\/","name":"90 % Fleur de sel - Chocolat Infini","isPartOf":{"@id":"https:\/\/chocolatinfini.com\/#website"},"primaryImageOfPage":{"@id":"https:\/\/chocolatinfini.com\/shop\/chocolate-bar\/flavoured\/90-fleur-de-sel\/#primaryimage"},"image":{"@id":"https:\/\/chocolatinfini.com\/shop\/chocolate-bar\/flavoured\/90-fleur-de-sel\/#primaryimage"},"thumbnailUrl":"https:\/\/chocolatinfini.com\/wp-content\/uploads\/2024\/11\/90_sel.webp","datePublished":"2024-11-07T03:33:57+00:00","dateModified":"2026-04-11T00:50:44+00:00","breadcrumb":{"@id":"https:\/\/chocolatinfini.com\/shop\/chocolate-bar\/flavoured\/90-fleur-de-sel\/#breadcrumb"},"inLanguage":"fr-CA","potentialAction":[{"@type":"ReadAction","target":["https:\/\/chocolatinfini.com\/shop\/chocolate-bar\/flavoured\/90-fleur-de-sel\/"]}]},{"@type":"ImageObject","inLanguage":"fr-CA","@id":"https:\/\/chocolatinfini.com\/shop\/chocolate-bar\/flavoured\/90-fleur-de-sel\/#primaryimage","url":"https:\/\/chocolatinfini.com\/wp-content\/uploads\/2024\/11\/90_sel.webp","contentUrl":"https:\/\/chocolatinfini.com\/wp-content\/uploads\/2024\/11\/90_sel.webp","width":3500,"height":3500,"caption":"Created with GIMP"},{"@type":"BreadcrumbList","@id":"https:\/\/chocolatinfini.com\/shop\/chocolate-bar\/flavoured\/90-fleur-de-sel\/#breadcrumb","itemListElement":[{"@type":"ListItem","position":1,"name":"Home","item":"https:\/\/chocolatinfini.com\/"},{"@type":"ListItem","position":2,"name":"Products","item":"https:\/\/chocolatinfini.com\/products__trashed-2\/"},{"@type":"ListItem","position":3,"name":"90 % Fleur de sel"}]},{"@type":"WebSite","@id":"https:\/\/chocolatinfini.com\/#website","url":"https:\/\/chocolatinfini.com\/","name":"Chocolat Infini","description":"Fabricant de chocolat de la f\u00e8ve \u00e0 la barre \u00e0 Magog, Qu\u00e9bec.","publisher":{"@id":"https:\/\/chocolatinfini.com\/#organization"},"potentialAction":[{"@type":"SearchAction","target":{"@type":"EntryPoint","urlTemplate":"https:\/\/chocolatinfini.com\/?s={search_term_string}"},"query-input":{"@type":"PropertyValueSpecification","valueRequired":true,"valueName":"search_term_string"}}],"inLanguage":"fr-CA"},{"@type":"Organization","@id":"https:\/\/chocolatinfini.com\/#organization","name":"Chocolat Infini","url":"https:\/\/chocolatinfini.com\/","logo":{"@type":"ImageObject","inLanguage":"fr-CA","@id":"https:\/\/chocolatinfini.com\/#\/schema\/logo\/image\/","url":"http:\/\/chocolatinfini.com\/wp-content\/uploads\/2024\/06\/logo_square_1024.png","contentUrl":"http:\/\/chocolatinfini.com\/wp-content\/uploads\/2024\/06\/logo_square_1024.png","width":1024,"height":1024,"caption":"Chocolat Infini"},"image":{"@id":"https:\/\/chocolatinfini.com\/#\/schema\/logo\/image\/"},"sameAs":["https:\/\/www.facebook.com\/chocolatinfini","https:\/\/www.instagram.com\/chocolatinfini\/"]}]}},"uagb_featured_image_src":{"full":["https:\/\/chocolatinfini.com\/wp-content\/uploads\/2024\/11\/90_sel.webp",3500,3500,false],"thumbnail":["https:\/\/chocolatinfini.com\/wp-content\/uploads\/2024\/11\/90_sel-150x150.jpg",150,150,true],"medium":["https:\/\/chocolatinfini.com\/wp-content\/uploads\/2024\/11\/90_sel-300x300.jpg",300,300,true],"medium_large":["https:\/\/chocolatinfini.com\/wp-content\/uploads\/2024\/11\/90_sel-768x768.webp",768,768,true],"large":["https:\/\/chocolatinfini.com\/wp-content\/uploads\/2024\/11\/90_sel-1080x1080.jpg",1080,1080,true],"1536x1536":["https:\/\/chocolatinfini.com\/wp-content\/uploads\/2024\/11\/90_sel-1536x1536.jpg",1536,1536,true],"2048x2048":["https:\/\/chocolatinfini.com\/wp-content\/uploads\/2024\/11\/90_sel-2048x2048.webp",2048,2048,true],"trp-custom-language-flag":["https:\/\/chocolatinfini.com\/wp-content\/uploads\/2024\/11\/90_sel-12x12.webp",12,12,true],"rta_thumb_center_center_350x350":["https:\/\/chocolatinfini.com\/wp-content\/uploads\/2024\/11\/90_sel-350x350.jpg",350,350,true],"woocommerce_thumbnail":["https:\/\/chocolatinfini.com\/wp-content\/uploads\/2024\/11\/90_sel-600x600.jpg",600,600,true],"woocommerce_single":["https:\/\/chocolatinfini.com\/wp-content\/uploads\/2024\/11\/90_sel-1536x1536.webp",1536,1536,true],"woocommerce_gallery_thumbnail":["https:\/\/chocolatinfini.com\/wp-content\/uploads\/2024\/11\/90_sel-100x100.webp",100,100,true]},"uagb_author_info":{"display_name":"Marc-Antoine","author_link":"https:\/a8850b9d88a87976\/a8850b9d88a87976chocolatinfini.com\/a8850b9d88a87976fr\/a8850b9d88a87976author\/a8850b9d88a87976"},"uagb_comment_info":0,"uagb_excerpt":"Sweet, salty, sublime. Delicate flakes of grey sea salt bring bursts of character to this bar, perfectly enhancing the richness of fudge, warm spices, and fruity notes from Kablon (Philippines), PISA (Haiti), and Maya Mountain (Belize). A creamy indulgence that\u2019s subtly bold and deeply satisfying.","_links":{"self":[{"href":"https:\/\/chocolatinfini.com\/fr\/wp-json\/wp\/v2\/product\/1971","targetHints":{"allow":["GET"]}}],"collection":[{"href":"https:\/\/chocolatinfini.com\/fr\/wp-json\/wp\/v2\/product"}],"about":[{"href":"https:\/\/chocolatinfini.com\/fr\/wp-json\/wp\/v2\/types\/product"}],"wp:featuredmedia":[{"embeddable":true,"href":"https:\/\/chocolatinfini.com\/fr\/wp-json\/wp\/v2\/media\/1972"}],"wp:attachment":[{"href":"https:\/\/chocolatinfini.com\/fr\/wp-json\/wp\/v2\/media?parent=1971"}],"wp:term":[{"taxonomy":"product_brand","embeddable":true,"href":"https:\/\/chocolatinfini.com\/fr\/wp-json\/wp\/v2\/product_brand?post=1971"},{"taxonomy":"product_cat","embeddable":true,"href":"https:\/\/chocolatinfini.com\/fr\/wp-json\/wp\/v2\/product_cat?post=1971"},{"taxonomy":"product_tag","embeddable":true,"href":"https:\/\/chocolatinfini.com\/fr\/wp-json\/wp\/v2\/product_tag?post=1971"}],"curies":[{"name":"wp","href":"https:\/\/api.w.org\/{rel}","templated":true}]}}