{"id":1494,"date":"2024-09-25T15:10:58","date_gmt":"2024-09-25T19:10:58","guid":{"rendered":"https:\/\/chocolatinfini.com\/?post_type=product&#038;p=1494"},"modified":"2026-04-08T05:22:20","modified_gmt":"2026-04-08T09:22:20","slug":"70-coffee","status":"publish","type":"product","link":"https:\/\/chocolatinfini.com\/fr\/shop\/chocolate-bar\/flavoured\/70-coffee\/","title":{"rendered":"70 % Caf\u00e9"},"content":{"rendered":"<p>Un coup de fouet tout en douceur. Les \u00e9clats de caf\u00e9 torr\u00e9fi\u00e9 insufflent une \u00e9nergie d\u00e9licieuse \u00e0 cette tablette au profil aromatique complexe : fondant au fudge, chaleur \u00e9pic\u00e9e, \u00e9clat fruit\u00e9. Les saveurs des cacaos de Kablon (Philippines), PISA (Ha\u00efti) et Maya Mountain (B\u00e9lize) s\u2019y r\u00e9pondent avec justesse. Pour les amateurs de chocolat\u2026 et de caf\u00e9ine.<\/p>","protected":false},"excerpt":{"rendered":"<p>Un coup de fouet tout en douceur. Les \u00e9clats de caf\u00e9 torr\u00e9fi\u00e9 insufflent une \u00e9nergie d\u00e9licieuse \u00e0 cette tablette au profil aromatique complexe : fondant au fudge, chaleur \u00e9pic\u00e9e, \u00e9clat fruit\u00e9. Les saveurs des cacaos de Kablon (Philippines), PISA (Ha\u00efti) et Maya Mountain (B\u00e9lize) s\u2019y r\u00e9pondent avec justesse. Pour les amateurs de chocolat\u2026 et de caf\u00e9ine.<\/p>","protected":false},"featured_media":1473,"template":"","meta":{"_uag_custom_page_level_css":"","site-sidebar-layout":"default","site-content-layout":"","ast-site-content-layout":"default","site-content-style":"default","site-sidebar-style":"default","ast-global-header-display":"","ast-banner-title-visibility":"","ast-main-header-display":"","ast-hfb-above-header-display":"","ast-hfb-below-header-display":"","ast-hfb-mobile-header-display":"","site-post-title":"","ast-breadcrumbs-content":"","ast-featured-img":"","footer-sml-layout":"","ast-disable-related-posts":"","theme-transparent-header-meta":"default","adv-header-id-meta":"","stick-header-meta":"","header-above-stick-meta":"","header-main-stick-meta":"","header-below-stick-meta":"","astra-migrate-meta-layouts":"set","ast-page-background-enabled":"default","ast-page-background-meta":{"desktop":{"background-color":"var(--ast-global-color-4)","background-image":"","background-repeat":"repeat","background-position":"center center","background-size":"auto","background-attachment":"scroll","background-type":"","background-media":"","overlay-type":"","overlay-color":"","overlay-opacity":"","overlay-gradient":""},"tablet":{"background-color":"","background-image":"","background-repeat":"repeat","background-position":"center center","background-size":"auto","background-attachment":"scroll","background-type":"","background-media":"","overlay-type":"","overlay-color":"","overlay-opacity":"","overlay-gradient":""},"mobile":{"background-color":"","background-image":"","background-repeat":"repeat","background-position":"center center","background-size":"auto","background-attachment":"scroll","background-type":"","background-media":"","overlay-type":"","overlay-color":"","overlay-opacity":"","overlay-gradient":""}},"ast-content-background-meta":{"desktop":{"background-color":"var(--ast-global-color-5)","background-image":"","background-repeat":"repeat","background-position":"center center","background-size":"auto","background-attachment":"scroll","background-type":"","background-media":"","overlay-type":"","overlay-color":"","overlay-opacity":"","overlay-gradient":""},"tablet":{"background-color":"var(--ast-global-color-5)","background-image":"","background-repeat":"repeat","background-position":"center center","background-size":"auto","background-attachment":"scroll","background-type":"","background-media":"","overlay-type":"","overlay-color":"","overlay-opacity":"","overlay-gradient":""},"mobile":{"background-color":"var(--ast-global-color-5)","background-image":"","background-repeat":"repeat","background-position":"center center","background-size":"auto","background-attachment":"scroll","background-type":"","background-media":"","overlay-type":"","overlay-color":"","overlay-opacity":"","overlay-gradient":""}}},"product_brand":[],"product_cat":[77],"product_tag":[60,86,96],"class_list":{"0":"post-1494","1":"product","2":"type-product","3":"status-publish","4":"has-post-thumbnail","6":"product_cat-flavoured","7":"product_tag-60","8":"product_tag-coffee","9":"product_tag-inclusions","10":"_wholesalex wsx-wholesalex-product","11":"desktop-align-center","12":"tablet-align-left","13":"mobile-align-left","15":"first","16":"instock","17":"taxable","18":"shipping-taxable","19":"purchasable","20":"product-type-simple"},"yoast_head":"<!-- This site is optimized with the Yoast SEO plugin v27.3 - https:\/\/yoast.com\/product\/yoast-seo-wordpress\/ -->\n<title>70 % Coffee - Chocolat Infini<\/title>\n<meta name=\"robots\" content=\"index, follow, max-snippet:-1, max-image-preview:large, max-video-preview:-1\" \/>\n<link rel=\"canonical\" href=\"https:\/\/chocolatinfini.com\/fr\/shop\/chocolate-bar\/flavoured\/70-coffee\/\" \/>\n<meta property=\"og:locale\" content=\"fr_CA\" \/>\n<meta property=\"og:type\" content=\"article\" \/>\n<meta property=\"og:title\" content=\"70 % Coffee - Chocolat Infini\" \/>\n<meta property=\"og:description\" content=\"A soft jolt. Bits of roasted coffee bring a delicious buzz to this bar\u2019s complex aromatic profile: fudgy smoothness, spicy warmth, fruity brightness. The flavors of cacaos from Kablon (Philippines), PISA (Haiti), and Maya Mountain (Belize) play off each other in perfect balance. For chocolate lovers\u2026 and caffeine fans.\" \/>\n<meta property=\"og:url\" content=\"https:\/\/chocolatinfini.com\/fr\/shop\/chocolate-bar\/flavoured\/70-coffee\/\" \/>\n<meta property=\"og:site_name\" content=\"Chocolat Infini\" \/>\n<meta property=\"article:publisher\" content=\"https:\/\/www.facebook.com\/chocolatinfini\" \/>\n<meta property=\"article:modified_time\" content=\"2026-04-08T09:22:20+00:00\" \/>\n<meta property=\"og:image\" content=\"https:\/\/chocolatinfini.com\/wp-content\/uploads\/2024\/09\/70_cafe.webp\" \/>\n\t<meta property=\"og:image:width\" content=\"3500\" \/>\n\t<meta property=\"og:image:height\" content=\"3500\" \/>\n\t<meta property=\"og:image:type\" content=\"image\/jpeg\" \/>\n<meta name=\"twitter:card\" content=\"summary_large_image\" \/>\n<meta name=\"twitter:label1\" content=\"Estimation du temps de lecture\" \/>\n\t<meta name=\"twitter:data1\" content=\"1 minute\" \/>\n<script type=\"application\/ld+json\" class=\"yoast-schema-graph\">{\"@context\":\"https:\\\/\\\/schema.org\",\"@graph\":[{\"@type\":\"WebPage\",\"@id\":\"https:\\\/\\\/chocolatinfini.com\\\/shop\\\/chocolate-bar\\\/flavoured\\\/70-coffee\\\/\",\"url\":\"https:\\\/\\\/chocolatinfini.com\\\/shop\\\/chocolate-bar\\\/flavoured\\\/70-coffee\\\/\",\"name\":\"70 % Coffee - Chocolat Infini\",\"isPartOf\":{\"@id\":\"https:\\\/\\\/chocolatinfini.com\\\/#website\"},\"primaryImageOfPage\":{\"@id\":\"https:\\\/\\\/chocolatinfini.com\\\/shop\\\/chocolate-bar\\\/flavoured\\\/70-coffee\\\/#primaryimage\"},\"image\":{\"@id\":\"https:\\\/\\\/chocolatinfini.com\\\/shop\\\/chocolate-bar\\\/flavoured\\\/70-coffee\\\/#primaryimage\"},\"thumbnailUrl\":\"https:\\\/\\\/chocolatinfini.com\\\/wp-content\\\/uploads\\\/2024\\\/09\\\/70_cafe.webp\",\"datePublished\":\"2024-09-25T19:10:58+00:00\",\"dateModified\":\"2026-04-08T09:22:20+00:00\",\"breadcrumb\":{\"@id\":\"https:\\\/\\\/chocolatinfini.com\\\/shop\\\/chocolate-bar\\\/flavoured\\\/70-coffee\\\/#breadcrumb\"},\"inLanguage\":\"fr-CA\",\"potentialAction\":[{\"@type\":\"ReadAction\",\"target\":[\"https:\\\/\\\/chocolatinfini.com\\\/shop\\\/chocolate-bar\\\/flavoured\\\/70-coffee\\\/\"]}]},{\"@type\":\"ImageObject\",\"inLanguage\":\"fr-CA\",\"@id\":\"https:\\\/\\\/chocolatinfini.com\\\/shop\\\/chocolate-bar\\\/flavoured\\\/70-coffee\\\/#primaryimage\",\"url\":\"https:\\\/\\\/chocolatinfini.com\\\/wp-content\\\/uploads\\\/2024\\\/09\\\/70_cafe.webp\",\"contentUrl\":\"https:\\\/\\\/chocolatinfini.com\\\/wp-content\\\/uploads\\\/2024\\\/09\\\/70_cafe.webp\",\"width\":3500,\"height\":3500,\"caption\":\"Picture of a coffee-flavoured 70 % dark chocolate bar.\"},{\"@type\":\"BreadcrumbList\",\"@id\":\"https:\\\/\\\/chocolatinfini.com\\\/shop\\\/chocolate-bar\\\/flavoured\\\/70-coffee\\\/#breadcrumb\",\"itemListElement\":[{\"@type\":\"ListItem\",\"position\":1,\"name\":\"Home\",\"item\":\"https:\\\/\\\/chocolatinfini.com\\\/\"},{\"@type\":\"ListItem\",\"position\":2,\"name\":\"Products\",\"item\":\"https:\\\/\\\/chocolatinfini.com\\\/products__trashed-2\\\/\"},{\"@type\":\"ListItem\",\"position\":3,\"name\":\"70 % Coffee\"}]},{\"@type\":\"WebSite\",\"@id\":\"https:\\\/\\\/chocolatinfini.com\\\/#website\",\"url\":\"https:\\\/\\\/chocolatinfini.com\\\/\",\"name\":\"Chocolat Infini\",\"description\":\"Bean-to-bar chocolate maker in Magog, Quebec.\",\"publisher\":{\"@id\":\"https:\\\/\\\/chocolatinfini.com\\\/#organization\"},\"potentialAction\":[{\"@type\":\"SearchAction\",\"target\":{\"@type\":\"EntryPoint\",\"urlTemplate\":\"https:\\\/\\\/chocolatinfini.com\\\/?s={search_term_string}\"},\"query-input\":{\"@type\":\"PropertyValueSpecification\",\"valueRequired\":true,\"valueName\":\"search_term_string\"}}],\"inLanguage\":\"fr-CA\"},{\"@type\":\"Organization\",\"@id\":\"https:\\\/\\\/chocolatinfini.com\\\/#organization\",\"name\":\"Chocolat Infini\",\"url\":\"https:\\\/\\\/chocolatinfini.com\\\/\",\"logo\":{\"@type\":\"ImageObject\",\"inLanguage\":\"fr-CA\",\"@id\":\"https:\\\/\\\/chocolatinfini.com\\\/#\\\/schema\\\/logo\\\/image\\\/\",\"url\":\"http:\\\/\\\/chocolatinfini.com\\\/wp-content\\\/uploads\\\/2024\\\/06\\\/logo_square_1024.png\",\"contentUrl\":\"http:\\\/\\\/chocolatinfini.com\\\/wp-content\\\/uploads\\\/2024\\\/06\\\/logo_square_1024.png\",\"width\":1024,\"height\":1024,\"caption\":\"Chocolat Infini\"},\"image\":{\"@id\":\"https:\\\/\\\/chocolatinfini.com\\\/#\\\/schema\\\/logo\\\/image\\\/\"},\"sameAs\":[\"https:\\\/\\\/www.facebook.com\\\/chocolatinfini\",\"https:\\\/\\\/www.instagram.com\\\/chocolatinfini\\\/\"]}]}<\/script>\n<!-- \/ Yoast SEO plugin. -->","yoast_head_json":{"title":"70 % Coffee - Chocolat Infini","robots":{"index":"index","follow":"follow","max-snippet":"max-snippet:-1","max-image-preview":"max-image-preview:large","max-video-preview":"max-video-preview:-1"},"canonical":"https:\/\/chocolatinfini.com\/fr\/shop\/chocolate-bar\/flavoured\/70-coffee\/","og_locale":"fr_CA","og_type":"article","og_title":"70 % Coffee - Chocolat Infini","og_description":"A soft jolt. Bits of roasted coffee bring a delicious buzz to this bar\u2019s complex aromatic profile: fudgy smoothness, spicy warmth, fruity brightness. The flavors of cacaos from Kablon (Philippines), PISA (Haiti), and Maya Mountain (Belize) play off each other in perfect balance. For chocolate lovers\u2026 and caffeine fans.","og_url":"https:\/\/chocolatinfini.com\/fr\/shop\/chocolate-bar\/flavoured\/70-coffee\/","og_site_name":"Chocolat Infini","article_publisher":"https:\/\/www.facebook.com\/chocolatinfini","article_modified_time":"2026-04-08T09:22:20+00:00","og_image":[{"width":3500,"height":3500,"url":"https:\/\/chocolatinfini.com\/wp-content\/uploads\/2024\/09\/70_cafe.webp","type":"image\/jpeg"}],"twitter_card":"summary_large_image","twitter_misc":{"Estimation du temps de lecture":"1 minute"},"schema":{"@context":"https:\/\/schema.org","@graph":[{"@type":"WebPage","@id":"https:\/\/chocolatinfini.com\/shop\/chocolate-bar\/flavoured\/70-coffee\/","url":"https:\/\/chocolatinfini.com\/shop\/chocolate-bar\/flavoured\/70-coffee\/","name":"70 % Coffee - Chocolat Infini","isPartOf":{"@id":"https:\/\/chocolatinfini.com\/#website"},"primaryImageOfPage":{"@id":"https:\/\/chocolatinfini.com\/shop\/chocolate-bar\/flavoured\/70-coffee\/#primaryimage"},"image":{"@id":"https:\/\/chocolatinfini.com\/shop\/chocolate-bar\/flavoured\/70-coffee\/#primaryimage"},"thumbnailUrl":"https:\/\/chocolatinfini.com\/wp-content\/uploads\/2024\/09\/70_cafe.webp","datePublished":"2024-09-25T19:10:58+00:00","dateModified":"2026-04-08T09:22:20+00:00","breadcrumb":{"@id":"https:\/\/chocolatinfini.com\/shop\/chocolate-bar\/flavoured\/70-coffee\/#breadcrumb"},"inLanguage":"fr-CA","potentialAction":[{"@type":"ReadAction","target":["https:\/\/chocolatinfini.com\/shop\/chocolate-bar\/flavoured\/70-coffee\/"]}]},{"@type":"ImageObject","inLanguage":"fr-CA","@id":"https:\/\/chocolatinfini.com\/shop\/chocolate-bar\/flavoured\/70-coffee\/#primaryimage","url":"https:\/\/chocolatinfini.com\/wp-content\/uploads\/2024\/09\/70_cafe.webp","contentUrl":"https:\/\/chocolatinfini.com\/wp-content\/uploads\/2024\/09\/70_cafe.webp","width":3500,"height":3500,"caption":"Picture of a coffee-flavoured 70 % dark chocolate bar."},{"@type":"BreadcrumbList","@id":"https:\/\/chocolatinfini.com\/shop\/chocolate-bar\/flavoured\/70-coffee\/#breadcrumb","itemListElement":[{"@type":"ListItem","position":1,"name":"Home","item":"https:\/\/chocolatinfini.com\/"},{"@type":"ListItem","position":2,"name":"Products","item":"https:\/\/chocolatinfini.com\/products__trashed-2\/"},{"@type":"ListItem","position":3,"name":"70 % Coffee"}]},{"@type":"WebSite","@id":"https:\/\/chocolatinfini.com\/#website","url":"https:\/\/chocolatinfini.com\/","name":"Chocolat Infini","description":"Fabricant de chocolat de la f\u00e8ve \u00e0 la barre \u00e0 Magog, Qu\u00e9bec.","publisher":{"@id":"https:\/\/chocolatinfini.com\/#organization"},"potentialAction":[{"@type":"SearchAction","target":{"@type":"EntryPoint","urlTemplate":"https:\/\/chocolatinfini.com\/?s={search_term_string}"},"query-input":{"@type":"PropertyValueSpecification","valueRequired":true,"valueName":"search_term_string"}}],"inLanguage":"fr-CA"},{"@type":"Organization","@id":"https:\/\/chocolatinfini.com\/#organization","name":"Chocolat Infini","url":"https:\/\/chocolatinfini.com\/","logo":{"@type":"ImageObject","inLanguage":"fr-CA","@id":"https:\/\/chocolatinfini.com\/#\/schema\/logo\/image\/","url":"http:\/\/chocolatinfini.com\/wp-content\/uploads\/2024\/06\/logo_square_1024.png","contentUrl":"http:\/\/chocolatinfini.com\/wp-content\/uploads\/2024\/06\/logo_square_1024.png","width":1024,"height":1024,"caption":"Chocolat Infini"},"image":{"@id":"https:\/\/chocolatinfini.com\/#\/schema\/logo\/image\/"},"sameAs":["https:\/\/www.facebook.com\/chocolatinfini","https:\/\/www.instagram.com\/chocolatinfini\/"]}]}},"uagb_featured_image_src":{"full":["https:\/\/chocolatinfini.com\/wp-content\/uploads\/2024\/09\/70_cafe.webp",3500,3500,false],"thumbnail":["https:\/\/chocolatinfini.com\/wp-content\/uploads\/2024\/09\/70_cafe-150x150.jpg",150,150,true],"medium":["https:\/\/chocolatinfini.com\/wp-content\/uploads\/2024\/09\/70_cafe-300x300.jpg",300,300,true],"medium_large":["https:\/\/chocolatinfini.com\/wp-content\/uploads\/2024\/09\/70_cafe-768x768.webp",768,768,true],"large":["https:\/\/chocolatinfini.com\/wp-content\/uploads\/2024\/09\/70_cafe-1080x1080.jpg",1080,1080,true],"1536x1536":["https:\/\/chocolatinfini.com\/wp-content\/uploads\/2024\/09\/70_cafe-1536x1536.jpg",1536,1536,true],"2048x2048":["https:\/\/chocolatinfini.com\/wp-content\/uploads\/2024\/09\/70_cafe-2048x2048.webp",2048,2048,true],"trp-custom-language-flag":["https:\/\/chocolatinfini.com\/wp-content\/uploads\/2024\/09\/70_cafe-12x12.webp",12,12,true],"rta_thumb_center_center_350x350":["https:\/\/chocolatinfini.com\/wp-content\/uploads\/2024\/09\/70_cafe-350x350.jpg",350,350,true],"woocommerce_thumbnail":["https:\/\/chocolatinfini.com\/wp-content\/uploads\/2024\/09\/70_cafe-600x600.jpg",600,600,true],"woocommerce_single":["https:\/\/chocolatinfini.com\/wp-content\/uploads\/2024\/09\/70_cafe-1536x1536.webp",1536,1536,true],"woocommerce_gallery_thumbnail":["https:\/\/chocolatinfini.com\/wp-content\/uploads\/2024\/09\/70_cafe-100x100.webp",100,100,true]},"uagb_author_info":{"display_name":"Marc-Antoine","author_link":"https:\/a8850b9d88a87976\/a8850b9d88a87976chocolatinfini.com\/a8850b9d88a87976fr\/a8850b9d88a87976author\/a8850b9d88a87976"},"uagb_comment_info":0,"uagb_excerpt":"A soft jolt. Bits of roasted coffee bring a delicious buzz to this bar\u2019s complex aromatic profile: fudgy smoothness, spicy warmth, fruity brightness. The flavors of cacaos from Kablon (Philippines), PISA (Haiti), and Maya Mountain (Belize) play off each other in perfect balance. For chocolate lovers\u2026 and caffeine fans.","_links":{"self":[{"href":"https:\/\/chocolatinfini.com\/fr\/wp-json\/wp\/v2\/product\/1494","targetHints":{"allow":["GET"]}}],"collection":[{"href":"https:\/\/chocolatinfini.com\/fr\/wp-json\/wp\/v2\/product"}],"about":[{"href":"https:\/\/chocolatinfini.com\/fr\/wp-json\/wp\/v2\/types\/product"}],"wp:featuredmedia":[{"embeddable":true,"href":"https:\/\/chocolatinfini.com\/fr\/wp-json\/wp\/v2\/media\/1473"}],"wp:attachment":[{"href":"https:\/\/chocolatinfini.com\/fr\/wp-json\/wp\/v2\/media?parent=1494"}],"wp:term":[{"taxonomy":"product_brand","embeddable":true,"href":"https:\/\/chocolatinfini.com\/fr\/wp-json\/wp\/v2\/product_brand?post=1494"},{"taxonomy":"product_cat","embeddable":true,"href":"https:\/\/chocolatinfini.com\/fr\/wp-json\/wp\/v2\/product_cat?post=1494"},{"taxonomy":"product_tag","embeddable":true,"href":"https:\/\/chocolatinfini.com\/fr\/wp-json\/wp\/v2\/product_tag?post=1494"}],"curies":[{"name":"wp","href":"https:\/\/api.w.org\/{rel}","templated":true}]}}