{"id":10,"date":"2024-06-19T22:00:18","date_gmt":"2024-06-19T22:00:18","guid":{"rendered":"http:\/\/chocolatinfini.com\/index.php\/my-account\/"},"modified":"2025-02-06T22:39:39","modified_gmt":"2025-02-07T03:39:39","slug":"my-account","status":"publish","type":"page","link":"https:\/\/chocolatinfini.com\/fr\/my-account\/","title":{"rendered":"Mon compte"},"content":{"rendered":"<div class=\"wp-block-uagb-container uagb-block-4e1d76ed alignfull uagb-is-root-container\"><div class=\"uagb-container-inner-blocks-wrap\">\n<h2 class=\"wp-block-heading\">Mon compte<\/h2>\n<\/div><\/div>\n\n\n\n<div class=\"wp-block-uagb-container uagb-block-dad8468d alignfull uagb-is-root-container\"><div class=\"uagb-container-inner-blocks-wrap\"><div class=\"woocommerce\"><\/div>\n<\/div><\/div>","protected":false},"excerpt":{"rendered":"<p>Mon compte<\/p>","protected":false},"author":1,"featured_media":0,"parent":0,"menu_order":0,"comment_status":"closed","ping_status":"closed","template":"","meta":{"_uag_custom_page_level_css":"","site-sidebar-layout":"default","site-content-layout":"","ast-site-content-layout":"default","site-content-style":"default","site-sidebar-style":"default","ast-global-header-display":"","ast-banner-title-visibility":"","ast-main-header-display":"","ast-hfb-above-header-display":"","ast-hfb-below-header-display":"","ast-hfb-mobile-header-display":"","site-post-title":"disabled","ast-breadcrumbs-content":"","ast-featured-img":"","footer-sml-layout":"","ast-disable-related-posts":"","theme-transparent-header-meta":"","adv-header-id-meta":"","stick-header-meta":"","header-above-stick-meta":"","header-main-stick-meta":"","header-below-stick-meta":"","astra-migrate-meta-layouts":"set","ast-page-background-enabled":"default","ast-page-background-meta":{"desktop":{"background-color":"var(--ast-global-color-4)","background-image":"","background-repeat":"repeat","background-position":"center center","background-size":"auto","background-attachment":"scroll","background-type":"","background-media":"","overlay-type":"","overlay-color":"","overlay-opacity":"","overlay-gradient":""},"tablet":{"background-color":"","background-image":"","background-repeat":"repeat","background-position":"center center","background-size":"auto","background-attachment":"scroll","background-type":"","background-media":"","overlay-type":"","overlay-color":"","overlay-opacity":"","overlay-gradient":""},"mobile":{"background-color":"","background-image":"","background-repeat":"repeat","background-position":"center center","background-size":"auto","background-attachment":"scroll","background-type":"","background-media":"","overlay-type":"","overlay-color":"","overlay-opacity":"","overlay-gradient":""}},"ast-content-background-meta":{"desktop":{"background-color":"var(--ast-global-color-5)","background-image":"","background-repeat":"repeat","background-position":"center center","background-size":"auto","background-attachment":"scroll","background-type":"","background-media":"","overlay-type":"","overlay-color":"","overlay-opacity":"","overlay-gradient":""},"tablet":{"background-color":"var(--ast-global-color-5)","background-image":"","background-repeat":"repeat","background-position":"center center","background-size":"auto","background-attachment":"scroll","background-type":"","background-media":"","overlay-type":"","overlay-color":"","overlay-opacity":"","overlay-gradient":""},"mobile":{"background-color":"var(--ast-global-color-5)","background-image":"","background-repeat":"repeat","background-position":"center center","background-size":"auto","background-attachment":"scroll","background-type":"","background-media":"","overlay-type":"","overlay-color":"","overlay-opacity":"","overlay-gradient":""}},"footnotes":""},"class_list":["post-10","page","type-page","status-publish","hentry","_wholesalex wsx-wholesalex-product"],"yoast_head":"<!-- This site is optimized with the Yoast SEO plugin v27.3 - https:\/\/yoast.com\/product\/yoast-seo-wordpress\/ -->\n<title>My account - Chocolat Infini<\/title>\n<meta name=\"description\" content=\"Account management page for Chocolat Infini. Manage your payment methods, email preferences, orders, and more.\" \/>\n<meta name=\"robots\" content=\"index, follow, max-snippet:-1, max-image-preview:large, max-video-preview:-1\" \/>\n<link rel=\"canonical\" href=\"https:\/\/chocolatinfini.com\/fr\/my-account\/\" \/>\n<meta property=\"og:locale\" content=\"fr_CA\" \/>\n<meta property=\"og:type\" content=\"article\" \/>\n<meta property=\"og:title\" content=\"My account - Chocolat Infini\" \/>\n<meta property=\"og:description\" content=\"Account management page for Chocolat Infini. Manage your payment methods, email preferences, orders, and more.\" \/>\n<meta property=\"og:url\" content=\"https:\/\/chocolatinfini.com\/fr\/my-account\/\" \/>\n<meta property=\"og:site_name\" content=\"Chocolat Infini\" \/>\n<meta property=\"article:publisher\" content=\"https:\/\/www.facebook.com\/chocolatinfini\" \/>\n<meta property=\"article:modified_time\" content=\"2025-02-07T03:39:39+00:00\" \/>\n<meta name=\"twitter:card\" content=\"summary_large_image\" \/>\n<meta name=\"twitter:label1\" content=\"Estimation du temps de lecture\" \/>\n\t<meta name=\"twitter:data1\" content=\"1 minute\" \/>\n<script type=\"application\/ld+json\" class=\"yoast-schema-graph\">{\"@context\":\"https:\\\/\\\/schema.org\",\"@graph\":[{\"@type\":\"WebPage\",\"@id\":\"https:\\\/\\\/chocolatinfini.com\\\/my-account\\\/\",\"url\":\"https:\\\/\\\/chocolatinfini.com\\\/my-account\\\/\",\"name\":\"My account - Chocolat Infini\",\"isPartOf\":{\"@id\":\"https:\\\/\\\/chocolatinfini.com\\\/#website\"},\"datePublished\":\"2024-06-19T22:00:18+00:00\",\"dateModified\":\"2025-02-07T03:39:39+00:00\",\"description\":\"Account management page for Chocolat Infini. Manage your payment methods, email preferences, orders, and more.\",\"breadcrumb\":{\"@id\":\"https:\\\/\\\/chocolatinfini.com\\\/my-account\\\/#breadcrumb\"},\"inLanguage\":\"fr-CA\",\"potentialAction\":[{\"@type\":\"ReadAction\",\"target\":[\"https:\\\/\\\/chocolatinfini.com\\\/my-account\\\/\"]}]},{\"@type\":\"BreadcrumbList\",\"@id\":\"https:\\\/\\\/chocolatinfini.com\\\/my-account\\\/#breadcrumb\",\"itemListElement\":[{\"@type\":\"ListItem\",\"position\":1,\"name\":\"Home\",\"item\":\"https:\\\/\\\/chocolatinfini.com\\\/\"},{\"@type\":\"ListItem\",\"position\":2,\"name\":\"My account\"}]},{\"@type\":\"WebSite\",\"@id\":\"https:\\\/\\\/chocolatinfini.com\\\/#website\",\"url\":\"https:\\\/\\\/chocolatinfini.com\\\/\",\"name\":\"Chocolat Infini\",\"description\":\"Bean-to-bar chocolate maker in Magog, Quebec.\",\"publisher\":{\"@id\":\"https:\\\/\\\/chocolatinfini.com\\\/#organization\"},\"potentialAction\":[{\"@type\":\"SearchAction\",\"target\":{\"@type\":\"EntryPoint\",\"urlTemplate\":\"https:\\\/\\\/chocolatinfini.com\\\/?s={search_term_string}\"},\"query-input\":{\"@type\":\"PropertyValueSpecification\",\"valueRequired\":true,\"valueName\":\"search_term_string\"}}],\"inLanguage\":\"fr-CA\"},{\"@type\":\"Organization\",\"@id\":\"https:\\\/\\\/chocolatinfini.com\\\/#organization\",\"name\":\"Chocolat Infini\",\"url\":\"https:\\\/\\\/chocolatinfini.com\\\/\",\"logo\":{\"@type\":\"ImageObject\",\"inLanguage\":\"fr-CA\",\"@id\":\"https:\\\/\\\/chocolatinfini.com\\\/#\\\/schema\\\/logo\\\/image\\\/\",\"url\":\"http:\\\/\\\/chocolatinfini.com\\\/wp-content\\\/uploads\\\/2024\\\/06\\\/logo_square_1024.png\",\"contentUrl\":\"http:\\\/\\\/chocolatinfini.com\\\/wp-content\\\/uploads\\\/2024\\\/06\\\/logo_square_1024.png\",\"width\":1024,\"height\":1024,\"caption\":\"Chocolat Infini\"},\"image\":{\"@id\":\"https:\\\/\\\/chocolatinfini.com\\\/#\\\/schema\\\/logo\\\/image\\\/\"},\"sameAs\":[\"https:\\\/\\\/www.facebook.com\\\/chocolatinfini\",\"https:\\\/\\\/www.instagram.com\\\/chocolatinfini\\\/\"]}]}<\/script>\n<!-- \/ Yoast SEO plugin. -->","yoast_head_json":{"title":"My account - Chocolat Infini","description":"Account management page for Chocolat Infini. Manage your payment methods, email preferences, orders, and more.","robots":{"index":"index","follow":"follow","max-snippet":"max-snippet:-1","max-image-preview":"max-image-preview:large","max-video-preview":"max-video-preview:-1"},"canonical":"https:\/\/chocolatinfini.com\/fr\/my-account\/","og_locale":"fr_CA","og_type":"article","og_title":"My account - Chocolat Infini","og_description":"Account management page for Chocolat Infini. Manage your payment methods, email preferences, orders, and more.","og_url":"https:\/\/chocolatinfini.com\/fr\/my-account\/","og_site_name":"Chocolat Infini","article_publisher":"https:\/\/www.facebook.com\/chocolatinfini","article_modified_time":"2025-02-07T03:39:39+00:00","twitter_card":"summary_large_image","twitter_misc":{"Estimation du temps de lecture":"1 minute"},"schema":{"@context":"https:\/\/schema.org","@graph":[{"@type":"WebPage","@id":"https:\/\/chocolatinfini.com\/my-account\/","url":"https:\/\/chocolatinfini.com\/my-account\/","name":"My account - Chocolat Infini","isPartOf":{"@id":"https:\/\/chocolatinfini.com\/#website"},"datePublished":"2024-06-19T22:00:18+00:00","dateModified":"2025-02-07T03:39:39+00:00","description":"Account management page for Chocolat Infini. Manage your payment methods, email preferences, orders, and more.","breadcrumb":{"@id":"https:\/\/chocolatinfini.com\/my-account\/#breadcrumb"},"inLanguage":"fr-CA","potentialAction":[{"@type":"ReadAction","target":["https:\/\/chocolatinfini.com\/my-account\/"]}]},{"@type":"BreadcrumbList","@id":"https:\/\/chocolatinfini.com\/my-account\/#breadcrumb","itemListElement":[{"@type":"ListItem","position":1,"name":"Home","item":"https:\/\/chocolatinfini.com\/"},{"@type":"ListItem","position":2,"name":"My account"}]},{"@type":"WebSite","@id":"https:\/\/chocolatinfini.com\/#website","url":"https:\/\/chocolatinfini.com\/","name":"Chocolat Infini","description":"Fabricant de chocolat de la f\u00e8ve \u00e0 la barre \u00e0 Magog, Qu\u00e9bec.","publisher":{"@id":"https:\/\/chocolatinfini.com\/#organization"},"potentialAction":[{"@type":"SearchAction","target":{"@type":"EntryPoint","urlTemplate":"https:\/\/chocolatinfini.com\/?s={search_term_string}"},"query-input":{"@type":"PropertyValueSpecification","valueRequired":true,"valueName":"search_term_string"}}],"inLanguage":"fr-CA"},{"@type":"Organization","@id":"https:\/\/chocolatinfini.com\/#organization","name":"Chocolat Infini","url":"https:\/\/chocolatinfini.com\/","logo":{"@type":"ImageObject","inLanguage":"fr-CA","@id":"https:\/\/chocolatinfini.com\/#\/schema\/logo\/image\/","url":"http:\/\/chocolatinfini.com\/wp-content\/uploads\/2024\/06\/logo_square_1024.png","contentUrl":"http:\/\/chocolatinfini.com\/wp-content\/uploads\/2024\/06\/logo_square_1024.png","width":1024,"height":1024,"caption":"Chocolat Infini"},"image":{"@id":"https:\/\/chocolatinfini.com\/#\/schema\/logo\/image\/"},"sameAs":["https:\/\/www.facebook.com\/chocolatinfini","https:\/\/www.instagram.com\/chocolatinfini\/"]}]}},"uagb_featured_image_src":{"full":false,"thumbnail":false,"medium":false,"medium_large":false,"large":false,"1536x1536":false,"2048x2048":false,"trp-custom-language-flag":false,"rta_thumb_center_center_350x350":false,"woocommerce_thumbnail":false,"woocommerce_single":false,"woocommerce_gallery_thumbnail":false},"uagb_author_info":{"display_name":"Marc-Antoine","author_link":"https:\/\/chocolatinfini.com\/fr\/author\/9b8315a4fe81d78b\/"},"uagb_comment_info":0,"uagb_excerpt":"My account","_links":{"self":[{"href":"https:\/\/chocolatinfini.com\/fr\/wp-json\/wp\/v2\/pages\/10","targetHints":{"allow":["GET"]}}],"collection":[{"href":"https:\/\/chocolatinfini.com\/fr\/wp-json\/wp\/v2\/pages"}],"about":[{"href":"https:\/\/chocolatinfini.com\/fr\/wp-json\/wp\/v2\/types\/page"}],"author":[{"embeddable":true,"href":"https:\/\/chocolatinfini.com\/fr\/wp-json\/wp\/v2\/users\/1"}],"replies":[{"embeddable":true,"href":"https:\/\/chocolatinfini.com\/fr\/wp-json\/wp\/v2\/comments?post=10"}],"version-history":[{"count":2,"href":"https:\/\/chocolatinfini.com\/fr\/wp-json\/wp\/v2\/pages\/10\/revisions"}],"predecessor-version":[{"id":2311,"href":"https:\/\/chocolatinfini.com\/fr\/wp-json\/wp\/v2\/pages\/10\/revisions\/2311"}],"wp:attachment":[{"href":"https:\/\/chocolatinfini.com\/fr\/wp-json\/wp\/v2\/media?parent=10"}],"curies":[{"name":"wp","href":"https:\/\/api.w.org\/{rel}","templated":true}]}}